{"id":104423,"date":"2026-02-20T10:32:14","date_gmt":"2026-02-20T09:32:14","guid":{"rendered":"https:\/\/akademie.ceres.prd.endadens.ch\/?post_type=product&#038;p=104423"},"modified":"2026-02-23T10:09:09","modified_gmt":"2026-02-23T09:09:09","slug":"long-covid-und-cfs-ganzheitliche-behandlungsansaetze-mit-heilpflanzen","status":"publish","type":"product","link":"https:\/\/akademie.ceres.prd.endadens.ch\/fr\/produit\/long-covid-und-cfs-ganzheitliche-behandlungsansaetze-mit-heilpflanzen\/","title":{"rendered":"Long Covid und CFS &#8211; ganzheitliche Behandlungsans\u00e4tze mit Heilpflanzen"},"content":{"rendered":"<p>Auch heute nach den akuten Corona Infektions-Zeiten sind Symptome im Rahmen von Long-Covid und\/oder Chronic Fatigue Syndrom und\/oder nach Impfung mit Covid-19 Impfstoffen h\u00e4ufiges Thema in den Praxen von HeilpraktikerInnen und \u00c4rztInnen. Insbesondere Ersch\u00f6pfungszust\u00e4nde als eines der Hauptsymptome sind h\u00e4ufig anzutreffen. Gleichzeitig k\u00f6nnen Leber\u00fcberlastung und unklare Beschwerden wie Gelenk- und\/oder Muskelschmerzen, Konzentrationsst\u00f6rungen, Kopfschmerzen, h\u00e4ufige Infekte etc. auftreten, um nur einige h\u00e4ufige Symptome zu nennen. Da es sich um ein Cham\u00e4leon-Ph\u00e4nomen handelt, werden wir in diesem Tagesseminar verschiedene Heilpflanzen kennenlernen, die an unterschiedlichen Erkrankungsschwerpunkten ansetzen. Individuelle Ans\u00e4tze zur Unterst\u00fctzung des Energiehaushaltes, insbesondere durch die wesensgem\u00e4\u00dfe Anwendung von Heilpflanzen, sollen die Behandlungsans\u00e4tze unterst\u00fctzen. Weiterhin werden Praxisf\u00e4lle vorgestellt und individualisierte Konzepte f\u00fcr Patientenbeispiele gemeinsam erarbeitet.<span class=\"apple-converted-space\">\u00a0<\/span>Die Teilnehmenden sind herzlich eingeladen, eigene F\u00e4lle aus der Praxis einzubringen.<\/p>\n<h2 style=\"margin-bottom: 2%;\">Schwerpunkte<\/h2>\n<ul>\n<li>Heilpflanzen, die zur Behandlung viraler Infektionen, Long-Covid, Post-Covid begleitend eingesetzt werden k\u00f6nnen<\/li>\n<li>Wesensgem\u00e4\u00dfe Anwendung pflanzlicher Urtinkturen<\/li>\n<li>Besondere Qualit\u00e4t der Ceres-Arzneimittel und deren tiefe Dosierung<\/li>\n<li>Praktische Umsetzung des Besprochenen anhand realer Praxisf\u00e4lle\n<div><span class=\"apple-converted-space\">\u00a0<\/span><\/div>\n<\/li>\n<\/ul>\n<h3 role=\"presentation\"><span style=\"font-size: 36px;\">Referierende<\/span><\/h3>\n<div style=\"gap: 5%;\">\n<div style=\"text-align: left; font-size: 0.85em;\">\n<div><img loading=\"lazy\" decoding=\"async\" class=\"alignnone wp-image-14850 size-full\" src=\"https:\/\/akademie.ceres.prd.endadens.ch\/wp-content\/uploads\/sites\/6\/2024\/10\/csm_CERES_Ref_Ann-Mareike_Lemme_150x164px_1200dpi_39f9c8be0b.png\" alt=\"\" width=\"149\" height=\"164\" \/><\/div>\n<p><strong>Ann-Mareike Lemme<\/strong><br \/>\n<em>\u00c4rztin<\/em><br \/>\nSchwerpunkt: Psychosomatik, Psychotherapie<\/p>\n<\/div>\n<\/div>\n<div><\/div>\n<p><!-- Kontaktbereich beginnt --><\/p>\n<div class=\"kontaktbereich\" style=\"background-color: #f0f0f0;\">\n<h3 style=\"margin-top: 0;\">Kontakt<\/h3>\n<p style=\"margin: 0; white-space: nowrap;\">E-Mail: <a href=\"mailto:seminare@ceresheilmittel.de\">seminare@ceresheilmittel.de<\/a><\/p>\n<p style=\"margin: 0; white-space: nowrap;\">Telefon: +49 2237 638 03-0<\/p>\n<\/div>\n","protected":false},"excerpt":{"rendered":"<p><strong>Fachseminar \/ Kooperationsveranstaltung<\/strong><\/p>\n<p>30.05.2026 I 10:00-18:00 Uhr<br \/>\nWunstorf, Deutschland<br \/>\nNur f\u00fcr Fachpersonen<\/p>\n","protected":false},"featured_media":97947,"template":"","meta":{"_uag_custom_page_level_css":"","_kad_blocks_custom_css":"","_kad_blocks_head_custom_js":"","_kad_blocks_body_custom_js":"","_kad_blocks_footer_custom_js":"","_kad_post_transparent":"default","_kad_post_title":"","_kad_post_layout":"normal","_kad_post_sidebar_id":"","_kad_post_content_style":"default","_kad_post_vertical_padding":"default","_kad_post_feature":"","_kad_post_feature_position":"","_kad_post_header":false,"_kad_post_footer":false},"product_brand":[],"product_cat":[2607,2491,9779,2495,9795],"product_tag":[9787],"class_list":{"0":"post-104423","1":"product","2":"type-product","3":"status-publish","4":"has-post-thumbnail","6":"product_cat-themes","7":"product_cat-allemand","8":"product_cat-de-wunstorf","9":"product_cat-seminaire-en-presentiel","10":"product_cat-sonderveranstaltung","11":"product_tag-30-05-2026-de-sonderveranstaltung","12":"pa_format-praesenzseminar-fr","13":"pa_fuer-wen-medizinische-fachperson","15":"first","16":"instock","17":"sold-individually","18":"taxable","19":"shipping-taxable","20":"product-type-external","21":"entry","22":"content-bg","23":"loop-entry"},"yoast_head":"<!-- This site is optimized with the Yoast SEO plugin v27.0 - https:\/\/yoast.com\/product\/yoast-seo-wordpress\/ -->\n<title>Long Covid und CFS - ganzheitliche Behandlungsans\u00e4tze mit Heilpflanzen - CERES Akademie<\/title>\n<meta name=\"robots\" content=\"index, follow, max-snippet:-1, max-image-preview:large, max-video-preview:-1\" \/>\n<link rel=\"canonical\" href=\"https:\/\/akademie.ceres.prd.endadens.ch\/fr\/produit\/long-covid-und-cfs-ganzheitliche-behandlungsansaetze-mit-heilpflanzen\/\" \/>\n<meta property=\"og:locale\" content=\"fr_FR\" \/>\n<meta property=\"og:type\" content=\"article\" \/>\n<meta property=\"og:title\" content=\"Long Covid und CFS - ganzheitliche Behandlungsans\u00e4tze mit Heilpflanzen - CERES Akademie\" \/>\n<meta property=\"og:description\" content=\"Fachseminar \/ Kooperationsveranstaltung  30.05.2026 I 10:00-18:00 Uhr Wunstorf, Deutschland Nur f\u00fcr Fachpersonen\" \/>\n<meta property=\"og:url\" content=\"https:\/\/akademie.ceres.prd.endadens.ch\/fr\/produit\/long-covid-und-cfs-ganzheitliche-behandlungsansaetze-mit-heilpflanzen\/\" \/>\n<meta property=\"og:site_name\" content=\"CERES Akademie\" \/>\n<meta property=\"article:modified_time\" content=\"2026-02-23T09:09:09+00:00\" \/>\n<meta property=\"og:image\" content=\"https:\/\/akademie.ceres.prd.endadens.ch\/wp-content\/uploads\/sites\/6\/2026\/02\/weissdorn_2_WuS_RK.jpg\" \/>\n\t<meta property=\"og:image:width\" content=\"1432\" \/>\n\t<meta property=\"og:image:height\" content=\"1146\" \/>\n\t<meta property=\"og:image:type\" content=\"image\/jpeg\" \/>\n<meta name=\"twitter:card\" content=\"summary_large_image\" \/>\n<meta name=\"twitter:label1\" content=\"Dur\u00e9e de lecture estim\u00e9e\" \/>\n\t<meta name=\"twitter:data1\" content=\"1 minute\" \/>\n<script type=\"application\/ld+json\" class=\"yoast-schema-graph\">{\"@context\":\"https:\/\/schema.org\",\"@graph\":[{\"@type\":\"WebPage\",\"@id\":\"https:\/\/akademie.ceres.prd.endadens.ch\/fr\/produit\/long-covid-und-cfs-ganzheitliche-behandlungsansaetze-mit-heilpflanzen\/\",\"url\":\"https:\/\/akademie.ceres.prd.endadens.ch\/fr\/produit\/long-covid-und-cfs-ganzheitliche-behandlungsansaetze-mit-heilpflanzen\/\",\"name\":\"Long Covid und CFS - ganzheitliche Behandlungsans\u00e4tze mit Heilpflanzen - CERES Akademie\",\"isPartOf\":{\"@id\":\"https:\/\/akademie.ceres.prd.endadens.ch\/fr\/#website\"},\"primaryImageOfPage\":{\"@id\":\"https:\/\/akademie.ceres.prd.endadens.ch\/fr\/produit\/long-covid-und-cfs-ganzheitliche-behandlungsansaetze-mit-heilpflanzen\/#primaryimage\"},\"image\":{\"@id\":\"https:\/\/akademie.ceres.prd.endadens.ch\/fr\/produit\/long-covid-und-cfs-ganzheitliche-behandlungsansaetze-mit-heilpflanzen\/#primaryimage\"},\"thumbnailUrl\":\"https:\/\/akademie.ceres.prd.endadens.ch\/wp-content\/uploads\/sites\/6\/2026\/02\/weissdorn_2_WuS_RK.jpg\",\"datePublished\":\"2026-02-20T09:32:14+00:00\",\"dateModified\":\"2026-02-23T09:09:09+00:00\",\"breadcrumb\":{\"@id\":\"https:\/\/akademie.ceres.prd.endadens.ch\/fr\/produit\/long-covid-und-cfs-ganzheitliche-behandlungsansaetze-mit-heilpflanzen\/#breadcrumb\"},\"inLanguage\":\"fr-FR\",\"potentialAction\":[{\"@type\":\"ReadAction\",\"target\":[\"https:\/\/akademie.ceres.prd.endadens.ch\/fr\/produit\/long-covid-und-cfs-ganzheitliche-behandlungsansaetze-mit-heilpflanzen\/\"]}]},{\"@type\":\"ImageObject\",\"inLanguage\":\"fr-FR\",\"@id\":\"https:\/\/akademie.ceres.prd.endadens.ch\/fr\/produit\/long-covid-und-cfs-ganzheitliche-behandlungsansaetze-mit-heilpflanzen\/#primaryimage\",\"url\":\"https:\/\/akademie.ceres.prd.endadens.ch\/wp-content\/uploads\/sites\/6\/2026\/02\/weissdorn_2_WuS_RK.jpg\",\"contentUrl\":\"https:\/\/akademie.ceres.prd.endadens.ch\/wp-content\/uploads\/sites\/6\/2026\/02\/weissdorn_2_WuS_RK.jpg\",\"width\":1432,\"height\":1146},{\"@type\":\"BreadcrumbList\",\"@id\":\"https:\/\/akademie.ceres.prd.endadens.ch\/fr\/produit\/long-covid-und-cfs-ganzheitliche-behandlungsansaetze-mit-heilpflanzen\/#breadcrumb\",\"itemListElement\":[{\"@type\":\"ListItem\",\"position\":1,\"name\":\"Home\",\"item\":\"https:\/\/akademie.ceres.prd.endadens.ch\/fr\/\"},{\"@type\":\"ListItem\",\"position\":2,\"name\":\"Produits\",\"item\":\"https:\/\/akademie.ceres.prd.endadens.ch\/fr\/shop\/\"},{\"@type\":\"ListItem\",\"position\":3,\"name\":\"Long Covid und CFS &#8211; ganzheitliche Behandlungsans\u00e4tze mit Heilpflanzen\"}]},{\"@type\":\"WebSite\",\"@id\":\"https:\/\/akademie.ceres.prd.endadens.ch\/fr\/#website\",\"url\":\"https:\/\/akademie.ceres.prd.endadens.ch\/fr\/\",\"name\":\"CERES Akademie\",\"description\":\"\",\"publisher\":{\"@id\":\"https:\/\/akademie.ceres.prd.endadens.ch\/fr\/#organization\"},\"potentialAction\":[{\"@type\":\"SearchAction\",\"target\":{\"@type\":\"EntryPoint\",\"urlTemplate\":\"https:\/\/akademie.ceres.prd.endadens.ch\/fr\/?s={search_term_string}\"},\"query-input\":{\"@type\":\"PropertyValueSpecification\",\"valueRequired\":true,\"valueName\":\"search_term_string\"}}],\"inLanguage\":\"fr-FR\"},{\"@type\":\"Organization\",\"@id\":\"https:\/\/akademie.ceres.prd.endadens.ch\/fr\/#organization\",\"name\":\"CERES Akademie\",\"url\":\"https:\/\/akademie.ceres.prd.endadens.ch\/fr\/\",\"logo\":{\"@type\":\"ImageObject\",\"inLanguage\":\"fr-FR\",\"@id\":\"https:\/\/akademie.ceres.prd.endadens.ch\/fr\/#\/schema\/logo\/image\/\",\"url\":\"https:\/\/akademie.ceres.prd.endadens.ch\/wp-content\/uploads\/sites\/6\/2024\/11\/cropped-Logo_Ceres_Web_RGB_0722.jpg\",\"contentUrl\":\"https:\/\/akademie.ceres.prd.endadens.ch\/wp-content\/uploads\/sites\/6\/2024\/11\/cropped-Logo_Ceres_Web_RGB_0722.jpg\",\"width\":599,\"height\":315,\"caption\":\"CERES Akademie\"},\"image\":{\"@id\":\"https:\/\/akademie.ceres.prd.endadens.ch\/fr\/#\/schema\/logo\/image\/\"}}]}<\/script>\n<!-- \/ Yoast SEO plugin. -->","yoast_head_json":{"title":"Long Covid und CFS - ganzheitliche Behandlungsans\u00e4tze mit Heilpflanzen - CERES Akademie","robots":{"index":"index","follow":"follow","max-snippet":"max-snippet:-1","max-image-preview":"max-image-preview:large","max-video-preview":"max-video-preview:-1"},"canonical":"https:\/\/akademie.ceres.prd.endadens.ch\/fr\/produit\/long-covid-und-cfs-ganzheitliche-behandlungsansaetze-mit-heilpflanzen\/","og_locale":"fr_FR","og_type":"article","og_title":"Long Covid und CFS - ganzheitliche Behandlungsans\u00e4tze mit Heilpflanzen - CERES Akademie","og_description":"Fachseminar \/ Kooperationsveranstaltung  30.05.2026 I 10:00-18:00 Uhr Wunstorf, Deutschland Nur f\u00fcr Fachpersonen","og_url":"https:\/\/akademie.ceres.prd.endadens.ch\/fr\/produit\/long-covid-und-cfs-ganzheitliche-behandlungsansaetze-mit-heilpflanzen\/","og_site_name":"CERES Akademie","article_modified_time":"2026-02-23T09:09:09+00:00","og_image":[{"width":1432,"height":1146,"url":"https:\/\/akademie.ceres.prd.endadens.ch\/wp-content\/uploads\/sites\/6\/2026\/02\/weissdorn_2_WuS_RK.jpg","type":"image\/jpeg"}],"twitter_card":"summary_large_image","twitter_misc":{"Dur\u00e9e de lecture estim\u00e9e":"1 minute"},"schema":{"@context":"https:\/\/schema.org","@graph":[{"@type":"WebPage","@id":"https:\/\/akademie.ceres.prd.endadens.ch\/fr\/produit\/long-covid-und-cfs-ganzheitliche-behandlungsansaetze-mit-heilpflanzen\/","url":"https:\/\/akademie.ceres.prd.endadens.ch\/fr\/produit\/long-covid-und-cfs-ganzheitliche-behandlungsansaetze-mit-heilpflanzen\/","name":"Long Covid und CFS - ganzheitliche Behandlungsans\u00e4tze mit Heilpflanzen - CERES Akademie","isPartOf":{"@id":"https:\/\/akademie.ceres.prd.endadens.ch\/fr\/#website"},"primaryImageOfPage":{"@id":"https:\/\/akademie.ceres.prd.endadens.ch\/fr\/produit\/long-covid-und-cfs-ganzheitliche-behandlungsansaetze-mit-heilpflanzen\/#primaryimage"},"image":{"@id":"https:\/\/akademie.ceres.prd.endadens.ch\/fr\/produit\/long-covid-und-cfs-ganzheitliche-behandlungsansaetze-mit-heilpflanzen\/#primaryimage"},"thumbnailUrl":"https:\/\/akademie.ceres.prd.endadens.ch\/wp-content\/uploads\/sites\/6\/2026\/02\/weissdorn_2_WuS_RK.jpg","datePublished":"2026-02-20T09:32:14+00:00","dateModified":"2026-02-23T09:09:09+00:00","breadcrumb":{"@id":"https:\/\/akademie.ceres.prd.endadens.ch\/fr\/produit\/long-covid-und-cfs-ganzheitliche-behandlungsansaetze-mit-heilpflanzen\/#breadcrumb"},"inLanguage":"fr-FR","potentialAction":[{"@type":"ReadAction","target":["https:\/\/akademie.ceres.prd.endadens.ch\/fr\/produit\/long-covid-und-cfs-ganzheitliche-behandlungsansaetze-mit-heilpflanzen\/"]}]},{"@type":"ImageObject","inLanguage":"fr-FR","@id":"https:\/\/akademie.ceres.prd.endadens.ch\/fr\/produit\/long-covid-und-cfs-ganzheitliche-behandlungsansaetze-mit-heilpflanzen\/#primaryimage","url":"https:\/\/akademie.ceres.prd.endadens.ch\/wp-content\/uploads\/sites\/6\/2026\/02\/weissdorn_2_WuS_RK.jpg","contentUrl":"https:\/\/akademie.ceres.prd.endadens.ch\/wp-content\/uploads\/sites\/6\/2026\/02\/weissdorn_2_WuS_RK.jpg","width":1432,"height":1146},{"@type":"BreadcrumbList","@id":"https:\/\/akademie.ceres.prd.endadens.ch\/fr\/produit\/long-covid-und-cfs-ganzheitliche-behandlungsansaetze-mit-heilpflanzen\/#breadcrumb","itemListElement":[{"@type":"ListItem","position":1,"name":"Home","item":"https:\/\/akademie.ceres.prd.endadens.ch\/fr\/"},{"@type":"ListItem","position":2,"name":"Produits","item":"https:\/\/akademie.ceres.prd.endadens.ch\/fr\/shop\/"},{"@type":"ListItem","position":3,"name":"Long Covid und CFS &#8211; ganzheitliche Behandlungsans\u00e4tze mit Heilpflanzen"}]},{"@type":"WebSite","@id":"https:\/\/akademie.ceres.prd.endadens.ch\/fr\/#website","url":"https:\/\/akademie.ceres.prd.endadens.ch\/fr\/","name":"CERES Akademie","description":"","publisher":{"@id":"https:\/\/akademie.ceres.prd.endadens.ch\/fr\/#organization"},"potentialAction":[{"@type":"SearchAction","target":{"@type":"EntryPoint","urlTemplate":"https:\/\/akademie.ceres.prd.endadens.ch\/fr\/?s={search_term_string}"},"query-input":{"@type":"PropertyValueSpecification","valueRequired":true,"valueName":"search_term_string"}}],"inLanguage":"fr-FR"},{"@type":"Organization","@id":"https:\/\/akademie.ceres.prd.endadens.ch\/fr\/#organization","name":"CERES Akademie","url":"https:\/\/akademie.ceres.prd.endadens.ch\/fr\/","logo":{"@type":"ImageObject","inLanguage":"fr-FR","@id":"https:\/\/akademie.ceres.prd.endadens.ch\/fr\/#\/schema\/logo\/image\/","url":"https:\/\/akademie.ceres.prd.endadens.ch\/wp-content\/uploads\/sites\/6\/2024\/11\/cropped-Logo_Ceres_Web_RGB_0722.jpg","contentUrl":"https:\/\/akademie.ceres.prd.endadens.ch\/wp-content\/uploads\/sites\/6\/2024\/11\/cropped-Logo_Ceres_Web_RGB_0722.jpg","width":599,"height":315,"caption":"CERES Akademie"},"image":{"@id":"https:\/\/akademie.ceres.prd.endadens.ch\/fr\/#\/schema\/logo\/image\/"}}]}},"taxonomy_info":{"product_cat":[{"value":2607,"label":"Th\u00e8mes"},{"value":2491,"label":"Allemand"},{"value":9779,"label":"DE &#8211; Wunstorf"},{"value":2495,"label":"S\u00e9minaire en pr\u00e9sentiel"},{"value":9795,"label":"Sonderveranstaltung"}],"product_tag":[{"value":9787,"label":"30.05.2026 DE Sonderveranstaltung"}],"pa_format":[{"value":3355,"label":"S\u00e9minaire en pr\u00e9sentiel"}],"pa_fuer-wen":[{"value":5364,"label":"Medizinische Fachperson"}]},"featured_image_src_large":["https:\/\/akademie.ceres.prd.endadens.ch\/wp-content\/uploads\/sites\/6\/2026\/02\/weissdorn_2_WuS_RK-1024x819.jpg",1024,819,true],"author_info":[],"comment_info":"","uagb_featured_image_src":{"full":["https:\/\/akademie.ceres.prd.endadens.ch\/wp-content\/uploads\/sites\/6\/2026\/02\/weissdorn_2_WuS_RK.jpg",1432,1146,false],"thumbnail":["https:\/\/akademie.ceres.prd.endadens.ch\/wp-content\/uploads\/sites\/6\/2026\/02\/weissdorn_2_WuS_RK-150x150.jpg",150,150,true],"medium":["https:\/\/akademie.ceres.prd.endadens.ch\/wp-content\/uploads\/sites\/6\/2026\/02\/weissdorn_2_WuS_RK-300x240.jpg",300,240,true],"medium_large":["https:\/\/akademie.ceres.prd.endadens.ch\/wp-content\/uploads\/sites\/6\/2026\/02\/weissdorn_2_WuS_RK-768x615.jpg",768,615,true],"large":["https:\/\/akademie.ceres.prd.endadens.ch\/wp-content\/uploads\/sites\/6\/2026\/02\/weissdorn_2_WuS_RK-1024x819.jpg",1024,819,true],"1536x1536":["https:\/\/akademie.ceres.prd.endadens.ch\/wp-content\/uploads\/sites\/6\/2026\/02\/weissdorn_2_WuS_RK.jpg",1432,1146,false],"2048x2048":["https:\/\/akademie.ceres.prd.endadens.ch\/wp-content\/uploads\/sites\/6\/2026\/02\/weissdorn_2_WuS_RK.jpg",1432,1146,false],"woocommerce_thumbnail":["https:\/\/akademie.ceres.prd.endadens.ch\/wp-content\/uploads\/sites\/6\/2026\/02\/weissdorn_2_WuS_RK-300x240.jpg",300,240,true],"woocommerce_single":["https:\/\/akademie.ceres.prd.endadens.ch\/wp-content\/uploads\/sites\/6\/2026\/02\/weissdorn_2_WuS_RK-600x480.jpg",600,480,true],"woocommerce_gallery_thumbnail":["https:\/\/akademie.ceres.prd.endadens.ch\/wp-content\/uploads\/sites\/6\/2026\/02\/weissdorn_2_WuS_RK-100x100.jpg",100,100,true]},"uagb_author_info":{"display_name":"Conny Reichwein","author_link":"https:\/\/akademie.ceres.prd.endadens.ch\/fr\/author\/"},"uagb_comment_info":0,"uagb_excerpt":"Fachseminar \/ Kooperationsveranstaltung 30.05.2026 I 10:00-18:00 Uhr Wunstorf, Deutschland Nur f\u00fcr Fachpersonen","_links":{"self":[{"href":"https:\/\/akademie.ceres.prd.endadens.ch\/fr\/wp-json\/wp\/v2\/product\/104423","targetHints":{"allow":["GET"]}}],"collection":[{"href":"https:\/\/akademie.ceres.prd.endadens.ch\/fr\/wp-json\/wp\/v2\/product"}],"about":[{"href":"https:\/\/akademie.ceres.prd.endadens.ch\/fr\/wp-json\/wp\/v2\/types\/product"}],"wp:featuredmedia":[{"embeddable":true,"href":"https:\/\/akademie.ceres.prd.endadens.ch\/fr\/wp-json\/wp\/v2\/media\/97947"}],"wp:attachment":[{"href":"https:\/\/akademie.ceres.prd.endadens.ch\/fr\/wp-json\/wp\/v2\/media?parent=104423"}],"wp:term":[{"taxonomy":"product_brand","embeddable":true,"href":"https:\/\/akademie.ceres.prd.endadens.ch\/fr\/wp-json\/wp\/v2\/product_brand?post=104423"},{"taxonomy":"product_cat","embeddable":true,"href":"https:\/\/akademie.ceres.prd.endadens.ch\/fr\/wp-json\/wp\/v2\/product_cat?post=104423"},{"taxonomy":"product_tag","embeddable":true,"href":"https:\/\/akademie.ceres.prd.endadens.ch\/fr\/wp-json\/wp\/v2\/product_tag?post=104423"}],"curies":[{"name":"wp","href":"https:\/\/api.w.org\/{rel}","templated":true}]}}