{"id":99315,"date":"2026-02-09T11:33:06","date_gmt":"2026-02-09T10:33:06","guid":{"rendered":"https:\/\/akademie.ceres.prd.endadens.ch\/?post_type=product&#038;p=99315"},"modified":"2026-02-20T11:07:53","modified_gmt":"2026-02-20T10:07:53","slug":"bitterstoffe-pflanzliche-powerpakete-wesensgemaess-angewendet","status":"publish","type":"product","link":"https:\/\/akademie.ceres.prd.endadens.ch\/fr\/produit\/bitterstoffe-pflanzliche-powerpakete-wesensgemaess-angewendet\/","title":{"rendered":"Bitterstoffe &#8211; Pflanzliche Powerpakete wesensgem\u00e4\u00df angewendet"},"content":{"rendered":"<p>Dass Bitterstoffe gut f\u00fcr die Verdauung sind, ist hinreichend bekannt. Bittere Pflanzen mit ihrem markanten Geschmack haben jedoch noch viele andere positive Effekte auf die Gesundheit. Ihre Wirkung kann immunmodulierend, antimikrobiell, wundheilend oder sogar schmerzlindernd sein. Schon die Alten wussten: \u201eBitter macht das Herze froh\u201c. Auch unsere Verdauungsorgane, den \u201einneren Alchemisten\u201c, st\u00e4rken sie umfassend und f\u00f6rdern somit Gesundheit und Lebenskraft ganz allgemein.<\/p>\n<p>Im Seminar werden die einzelnen Bitterstoffpflanzen vorgestellt und ihre Wirkung auf die Verdauung und den gesamten Menschen vermittelt. Dabei gilt ein besonderes Augenmerk der Pflanzenauswahl nach ihrem Wesen, um ein individuell stimmiges Gesamtkonzept entwickeln zu k\u00f6nnen.<\/p>\n<h2 style=\"margin-bottom: 2%;\">Schwerpunkte<\/h2>\n<ul>\n<li>Bew\u00e4hrte Anwendungen von Bitterstoffpflanzen in der Naturheilkunde<\/li>\n<li>Die wesensgem\u00e4\u00dfe Anwendung der Heilpflanzen verstehen lernen<\/li>\n<li>Naturheilkundliche Therapiem\u00f6glichkeiten aus der Praxis f\u00fcr die Praxis<\/li>\n<li>Die besondere Qualit\u00e4t von Ceres Arzneimitteln und deren tiefe Dosierung<\/li>\n<\/ul>\n<h2>Referierende<\/h2>\n<div style=\"gap: 5%;\">\n<div style=\"text-align: left; font-size: 0.85em;\">\n<div><img loading=\"lazy\" decoding=\"async\" class=\"alignnone wp-image-14826 size-full\" src=\"https:\/\/akademie.ceres.prd.endadens.ch\/wp-content\/uploads\/sites\/6\/2024\/10\/Portrait_ChristineBaumann_Zoom_Sprecherbild_sw_.png\" alt=\"\" width=\"150\" height=\"164\" \/><\/div>\n<p><strong>Christine Baumann<\/strong><br \/>\n<em>Heilpraktikerin, Buchautorin<\/em><br \/>\nSchwerpunkt: Frauengesundheit, Magen-Darm-<br \/>\nGesundheit, Stoffwechsel und Immunsystem<br \/>\nTherapeutische Fachberatung f\u00fcr Ceres<\/p>\n<\/div>\n<\/div>\n<div><\/div>\n<p><!-- Kontaktbereich beginnt --><\/p>\n<div class=\"kontaktbereich\" style=\"background-color: #f0f0f0;\">\n<h3 style=\"margin-top: 0;\">Kontakt<\/h3>\n<p style=\"margin: 0; white-space: nowrap;\">E-Mail: <a href=\"mailto:seminare@ceresheilmittel.de\">seminare@ceresheilmittel.de<\/a><\/p>\n<p style=\"margin: 0; white-space: nowrap;\">Telefon: +49 2237 638 03-0<\/p>\n<\/div>\n","protected":false},"excerpt":{"rendered":"<p><strong>Fachseminar \/ Kooperationsveranstaltung<\/strong><\/p>\n<p>19.09.2026 I 09:00-18:00 Uhr<br \/>\nSt. Ingbert, Deutschland<br \/>\nNur f\u00fcr Fachpersonen<\/p>\n","protected":false},"featured_media":97963,"template":"","meta":{"_uag_custom_page_level_css":"","_kad_blocks_custom_css":"","_kad_blocks_head_custom_js":"","_kad_blocks_body_custom_js":"","_kad_blocks_footer_custom_js":"","_kad_post_transparent":"default","_kad_post_title":"","_kad_post_layout":"normal","_kad_post_sidebar_id":"","_kad_post_content_style":"default","_kad_post_vertical_padding":"default","_kad_post_feature":"","_kad_post_feature_position":"","_kad_post_header":false,"_kad_post_footer":false},"product_brand":[],"product_cat":[2491,9431,2495,2607],"product_tag":[9643],"class_list":{"0":"post-99315","1":"product","2":"type-product","3":"status-publish","4":"has-post-thumbnail","6":"product_cat-allemand","7":"product_cat-de-st-ingbert","8":"product_cat-seminaire-en-presentiel","9":"product_cat-themes","10":"product_tag-19-09-2026-de-sonderveranstaltung","11":"pa_format-praesenzseminar-fr","12":"pa_fuer-wen-medizinische-fachperson","14":"first","15":"instock","16":"sold-individually","17":"taxable","18":"shipping-taxable","19":"product-type-external","20":"entry","21":"content-bg","22":"loop-entry"},"yoast_head":"<!-- This site is optimized with the Yoast SEO plugin v27.0 - https:\/\/yoast.com\/product\/yoast-seo-wordpress\/ -->\n<title>Bitterstoffe - Pflanzliche Powerpakete wesensgem\u00e4\u00df angewendet - CERES Akademie<\/title>\n<meta name=\"robots\" content=\"index, follow, max-snippet:-1, max-image-preview:large, max-video-preview:-1\" \/>\n<link rel=\"canonical\" href=\"https:\/\/akademie.ceres.prd.endadens.ch\/fr\/produit\/bitterstoffe-pflanzliche-powerpakete-wesensgemaess-angewendet\/\" \/>\n<meta property=\"og:locale\" content=\"fr_FR\" \/>\n<meta property=\"og:type\" content=\"article\" \/>\n<meta property=\"og:title\" content=\"Bitterstoffe - Pflanzliche Powerpakete wesensgem\u00e4\u00df angewendet - CERES Akademie\" \/>\n<meta property=\"og:description\" content=\"Fachseminar \/ Kooperationsveranstaltung  19.09.2026 I 09:00-18:00 Uhr St. Ingbert, Deutschland Nur f\u00fcr Fachpersonen\" \/>\n<meta property=\"og:url\" content=\"https:\/\/akademie.ceres.prd.endadens.ch\/fr\/produit\/bitterstoffe-pflanzliche-powerpakete-wesensgemaess-angewendet\/\" \/>\n<meta property=\"og:site_name\" content=\"CERES Akademie\" \/>\n<meta property=\"article:modified_time\" content=\"2026-02-20T10:07:53+00:00\" \/>\n<meta property=\"og:image\" content=\"https:\/\/akademie.ceres.prd.endadens.ch\/wp-content\/uploads\/sites\/6\/2026\/02\/gentiana_gruenenfelder_PICT0011.jpg\" \/>\n\t<meta property=\"og:image:width\" content=\"2000\" \/>\n\t<meta property=\"og:image:height\" content=\"2500\" \/>\n\t<meta property=\"og:image:type\" content=\"image\/jpeg\" \/>\n<meta name=\"twitter:card\" content=\"summary_large_image\" \/>\n<meta name=\"twitter:label1\" content=\"Dur\u00e9e de lecture estim\u00e9e\" \/>\n\t<meta name=\"twitter:data1\" content=\"1 minute\" \/>\n<script type=\"application\/ld+json\" class=\"yoast-schema-graph\">{\"@context\":\"https:\/\/schema.org\",\"@graph\":[{\"@type\":\"WebPage\",\"@id\":\"https:\/\/akademie.ceres.prd.endadens.ch\/fr\/produit\/bitterstoffe-pflanzliche-powerpakete-wesensgemaess-angewendet\/\",\"url\":\"https:\/\/akademie.ceres.prd.endadens.ch\/fr\/produit\/bitterstoffe-pflanzliche-powerpakete-wesensgemaess-angewendet\/\",\"name\":\"Bitterstoffe - Pflanzliche Powerpakete wesensgem\u00e4\u00df angewendet - CERES Akademie\",\"isPartOf\":{\"@id\":\"https:\/\/akademie.ceres.prd.endadens.ch\/fr\/#website\"},\"primaryImageOfPage\":{\"@id\":\"https:\/\/akademie.ceres.prd.endadens.ch\/fr\/produit\/bitterstoffe-pflanzliche-powerpakete-wesensgemaess-angewendet\/#primaryimage\"},\"image\":{\"@id\":\"https:\/\/akademie.ceres.prd.endadens.ch\/fr\/produit\/bitterstoffe-pflanzliche-powerpakete-wesensgemaess-angewendet\/#primaryimage\"},\"thumbnailUrl\":\"https:\/\/akademie.ceres.prd.endadens.ch\/wp-content\/uploads\/sites\/6\/2026\/02\/gentiana_gruenenfelder_PICT0011.jpg\",\"datePublished\":\"2026-02-09T10:33:06+00:00\",\"dateModified\":\"2026-02-20T10:07:53+00:00\",\"breadcrumb\":{\"@id\":\"https:\/\/akademie.ceres.prd.endadens.ch\/fr\/produit\/bitterstoffe-pflanzliche-powerpakete-wesensgemaess-angewendet\/#breadcrumb\"},\"inLanguage\":\"fr-FR\",\"potentialAction\":[{\"@type\":\"ReadAction\",\"target\":[\"https:\/\/akademie.ceres.prd.endadens.ch\/fr\/produit\/bitterstoffe-pflanzliche-powerpakete-wesensgemaess-angewendet\/\"]}]},{\"@type\":\"ImageObject\",\"inLanguage\":\"fr-FR\",\"@id\":\"https:\/\/akademie.ceres.prd.endadens.ch\/fr\/produit\/bitterstoffe-pflanzliche-powerpakete-wesensgemaess-angewendet\/#primaryimage\",\"url\":\"https:\/\/akademie.ceres.prd.endadens.ch\/wp-content\/uploads\/sites\/6\/2026\/02\/gentiana_gruenenfelder_PICT0011.jpg\",\"contentUrl\":\"https:\/\/akademie.ceres.prd.endadens.ch\/wp-content\/uploads\/sites\/6\/2026\/02\/gentiana_gruenenfelder_PICT0011.jpg\",\"width\":2000,\"height\":2500},{\"@type\":\"BreadcrumbList\",\"@id\":\"https:\/\/akademie.ceres.prd.endadens.ch\/fr\/produit\/bitterstoffe-pflanzliche-powerpakete-wesensgemaess-angewendet\/#breadcrumb\",\"itemListElement\":[{\"@type\":\"ListItem\",\"position\":1,\"name\":\"Home\",\"item\":\"https:\/\/akademie.ceres.prd.endadens.ch\/fr\/\"},{\"@type\":\"ListItem\",\"position\":2,\"name\":\"Produits\",\"item\":\"https:\/\/akademie.ceres.prd.endadens.ch\/fr\/shop\/\"},{\"@type\":\"ListItem\",\"position\":3,\"name\":\"Bitterstoffe &#8211; Pflanzliche Powerpakete wesensgem\u00e4\u00df angewendet\"}]},{\"@type\":\"WebSite\",\"@id\":\"https:\/\/akademie.ceres.prd.endadens.ch\/fr\/#website\",\"url\":\"https:\/\/akademie.ceres.prd.endadens.ch\/fr\/\",\"name\":\"CERES Akademie\",\"description\":\"\",\"publisher\":{\"@id\":\"https:\/\/akademie.ceres.prd.endadens.ch\/fr\/#organization\"},\"potentialAction\":[{\"@type\":\"SearchAction\",\"target\":{\"@type\":\"EntryPoint\",\"urlTemplate\":\"https:\/\/akademie.ceres.prd.endadens.ch\/fr\/?s={search_term_string}\"},\"query-input\":{\"@type\":\"PropertyValueSpecification\",\"valueRequired\":true,\"valueName\":\"search_term_string\"}}],\"inLanguage\":\"fr-FR\"},{\"@type\":\"Organization\",\"@id\":\"https:\/\/akademie.ceres.prd.endadens.ch\/fr\/#organization\",\"name\":\"CERES Akademie\",\"url\":\"https:\/\/akademie.ceres.prd.endadens.ch\/fr\/\",\"logo\":{\"@type\":\"ImageObject\",\"inLanguage\":\"fr-FR\",\"@id\":\"https:\/\/akademie.ceres.prd.endadens.ch\/fr\/#\/schema\/logo\/image\/\",\"url\":\"https:\/\/akademie.ceres.prd.endadens.ch\/wp-content\/uploads\/sites\/6\/2024\/11\/cropped-Logo_Ceres_Web_RGB_0722.jpg\",\"contentUrl\":\"https:\/\/akademie.ceres.prd.endadens.ch\/wp-content\/uploads\/sites\/6\/2024\/11\/cropped-Logo_Ceres_Web_RGB_0722.jpg\",\"width\":599,\"height\":315,\"caption\":\"CERES Akademie\"},\"image\":{\"@id\":\"https:\/\/akademie.ceres.prd.endadens.ch\/fr\/#\/schema\/logo\/image\/\"}}]}<\/script>\n<!-- \/ Yoast SEO plugin. -->","yoast_head_json":{"title":"Bitterstoffe - Pflanzliche Powerpakete wesensgem\u00e4\u00df angewendet - CERES Akademie","robots":{"index":"index","follow":"follow","max-snippet":"max-snippet:-1","max-image-preview":"max-image-preview:large","max-video-preview":"max-video-preview:-1"},"canonical":"https:\/\/akademie.ceres.prd.endadens.ch\/fr\/produit\/bitterstoffe-pflanzliche-powerpakete-wesensgemaess-angewendet\/","og_locale":"fr_FR","og_type":"article","og_title":"Bitterstoffe - Pflanzliche Powerpakete wesensgem\u00e4\u00df angewendet - CERES Akademie","og_description":"Fachseminar \/ Kooperationsveranstaltung  19.09.2026 I 09:00-18:00 Uhr St. Ingbert, Deutschland Nur f\u00fcr Fachpersonen","og_url":"https:\/\/akademie.ceres.prd.endadens.ch\/fr\/produit\/bitterstoffe-pflanzliche-powerpakete-wesensgemaess-angewendet\/","og_site_name":"CERES Akademie","article_modified_time":"2026-02-20T10:07:53+00:00","og_image":[{"width":2000,"height":2500,"url":"https:\/\/akademie.ceres.prd.endadens.ch\/wp-content\/uploads\/sites\/6\/2026\/02\/gentiana_gruenenfelder_PICT0011.jpg","type":"image\/jpeg"}],"twitter_card":"summary_large_image","twitter_misc":{"Dur\u00e9e de lecture estim\u00e9e":"1 minute"},"schema":{"@context":"https:\/\/schema.org","@graph":[{"@type":"WebPage","@id":"https:\/\/akademie.ceres.prd.endadens.ch\/fr\/produit\/bitterstoffe-pflanzliche-powerpakete-wesensgemaess-angewendet\/","url":"https:\/\/akademie.ceres.prd.endadens.ch\/fr\/produit\/bitterstoffe-pflanzliche-powerpakete-wesensgemaess-angewendet\/","name":"Bitterstoffe - Pflanzliche Powerpakete wesensgem\u00e4\u00df angewendet - CERES Akademie","isPartOf":{"@id":"https:\/\/akademie.ceres.prd.endadens.ch\/fr\/#website"},"primaryImageOfPage":{"@id":"https:\/\/akademie.ceres.prd.endadens.ch\/fr\/produit\/bitterstoffe-pflanzliche-powerpakete-wesensgemaess-angewendet\/#primaryimage"},"image":{"@id":"https:\/\/akademie.ceres.prd.endadens.ch\/fr\/produit\/bitterstoffe-pflanzliche-powerpakete-wesensgemaess-angewendet\/#primaryimage"},"thumbnailUrl":"https:\/\/akademie.ceres.prd.endadens.ch\/wp-content\/uploads\/sites\/6\/2026\/02\/gentiana_gruenenfelder_PICT0011.jpg","datePublished":"2026-02-09T10:33:06+00:00","dateModified":"2026-02-20T10:07:53+00:00","breadcrumb":{"@id":"https:\/\/akademie.ceres.prd.endadens.ch\/fr\/produit\/bitterstoffe-pflanzliche-powerpakete-wesensgemaess-angewendet\/#breadcrumb"},"inLanguage":"fr-FR","potentialAction":[{"@type":"ReadAction","target":["https:\/\/akademie.ceres.prd.endadens.ch\/fr\/produit\/bitterstoffe-pflanzliche-powerpakete-wesensgemaess-angewendet\/"]}]},{"@type":"ImageObject","inLanguage":"fr-FR","@id":"https:\/\/akademie.ceres.prd.endadens.ch\/fr\/produit\/bitterstoffe-pflanzliche-powerpakete-wesensgemaess-angewendet\/#primaryimage","url":"https:\/\/akademie.ceres.prd.endadens.ch\/wp-content\/uploads\/sites\/6\/2026\/02\/gentiana_gruenenfelder_PICT0011.jpg","contentUrl":"https:\/\/akademie.ceres.prd.endadens.ch\/wp-content\/uploads\/sites\/6\/2026\/02\/gentiana_gruenenfelder_PICT0011.jpg","width":2000,"height":2500},{"@type":"BreadcrumbList","@id":"https:\/\/akademie.ceres.prd.endadens.ch\/fr\/produit\/bitterstoffe-pflanzliche-powerpakete-wesensgemaess-angewendet\/#breadcrumb","itemListElement":[{"@type":"ListItem","position":1,"name":"Home","item":"https:\/\/akademie.ceres.prd.endadens.ch\/fr\/"},{"@type":"ListItem","position":2,"name":"Produits","item":"https:\/\/akademie.ceres.prd.endadens.ch\/fr\/shop\/"},{"@type":"ListItem","position":3,"name":"Bitterstoffe &#8211; Pflanzliche Powerpakete wesensgem\u00e4\u00df angewendet"}]},{"@type":"WebSite","@id":"https:\/\/akademie.ceres.prd.endadens.ch\/fr\/#website","url":"https:\/\/akademie.ceres.prd.endadens.ch\/fr\/","name":"CERES Akademie","description":"","publisher":{"@id":"https:\/\/akademie.ceres.prd.endadens.ch\/fr\/#organization"},"potentialAction":[{"@type":"SearchAction","target":{"@type":"EntryPoint","urlTemplate":"https:\/\/akademie.ceres.prd.endadens.ch\/fr\/?s={search_term_string}"},"query-input":{"@type":"PropertyValueSpecification","valueRequired":true,"valueName":"search_term_string"}}],"inLanguage":"fr-FR"},{"@type":"Organization","@id":"https:\/\/akademie.ceres.prd.endadens.ch\/fr\/#organization","name":"CERES Akademie","url":"https:\/\/akademie.ceres.prd.endadens.ch\/fr\/","logo":{"@type":"ImageObject","inLanguage":"fr-FR","@id":"https:\/\/akademie.ceres.prd.endadens.ch\/fr\/#\/schema\/logo\/image\/","url":"https:\/\/akademie.ceres.prd.endadens.ch\/wp-content\/uploads\/sites\/6\/2024\/11\/cropped-Logo_Ceres_Web_RGB_0722.jpg","contentUrl":"https:\/\/akademie.ceres.prd.endadens.ch\/wp-content\/uploads\/sites\/6\/2024\/11\/cropped-Logo_Ceres_Web_RGB_0722.jpg","width":599,"height":315,"caption":"CERES Akademie"},"image":{"@id":"https:\/\/akademie.ceres.prd.endadens.ch\/fr\/#\/schema\/logo\/image\/"}}]}},"taxonomy_info":{"product_cat":[{"value":2491,"label":"Allemand"},{"value":9431,"label":"DE &#8211; St. Ingbert"},{"value":2495,"label":"S\u00e9minaire en pr\u00e9sentiel"},{"value":2607,"label":"Th\u00e8mes"}],"product_tag":[{"value":9643,"label":"19.09.2026 DE Sonderveranstaltung"}],"pa_format":[{"value":3355,"label":"S\u00e9minaire en pr\u00e9sentiel"}],"pa_fuer-wen":[{"value":5364,"label":"Medizinische Fachperson"}]},"featured_image_src_large":["https:\/\/akademie.ceres.prd.endadens.ch\/wp-content\/uploads\/sites\/6\/2026\/02\/gentiana_gruenenfelder_PICT0011-819x1024.jpg",819,1024,true],"author_info":[],"comment_info":"","uagb_featured_image_src":{"full":["https:\/\/akademie.ceres.prd.endadens.ch\/wp-content\/uploads\/sites\/6\/2026\/02\/gentiana_gruenenfelder_PICT0011.jpg",2000,2500,false],"thumbnail":["https:\/\/akademie.ceres.prd.endadens.ch\/wp-content\/uploads\/sites\/6\/2026\/02\/gentiana_gruenenfelder_PICT0011-150x150.jpg",150,150,true],"medium":["https:\/\/akademie.ceres.prd.endadens.ch\/wp-content\/uploads\/sites\/6\/2026\/02\/gentiana_gruenenfelder_PICT0011-240x300.jpg",240,300,true],"medium_large":["https:\/\/akademie.ceres.prd.endadens.ch\/wp-content\/uploads\/sites\/6\/2026\/02\/gentiana_gruenenfelder_PICT0011-768x960.jpg",768,960,true],"large":["https:\/\/akademie.ceres.prd.endadens.ch\/wp-content\/uploads\/sites\/6\/2026\/02\/gentiana_gruenenfelder_PICT0011-819x1024.jpg",819,1024,true],"1536x1536":["https:\/\/akademie.ceres.prd.endadens.ch\/wp-content\/uploads\/sites\/6\/2026\/02\/gentiana_gruenenfelder_PICT0011-1229x1536.jpg",1229,1536,true],"2048x2048":["https:\/\/akademie.ceres.prd.endadens.ch\/wp-content\/uploads\/sites\/6\/2026\/02\/gentiana_gruenenfelder_PICT0011-1638x2048.jpg",1638,2048,true],"woocommerce_thumbnail":["https:\/\/akademie.ceres.prd.endadens.ch\/wp-content\/uploads\/sites\/6\/2026\/02\/gentiana_gruenenfelder_PICT0011-300x240.jpg",300,240,true],"woocommerce_single":["https:\/\/akademie.ceres.prd.endadens.ch\/wp-content\/uploads\/sites\/6\/2026\/02\/gentiana_gruenenfelder_PICT0011-600x750.jpg",600,750,true],"woocommerce_gallery_thumbnail":["https:\/\/akademie.ceres.prd.endadens.ch\/wp-content\/uploads\/sites\/6\/2026\/02\/gentiana_gruenenfelder_PICT0011-100x100.jpg",100,100,true]},"uagb_author_info":{"display_name":"Conny Reichwein","author_link":"https:\/\/akademie.ceres.prd.endadens.ch\/fr\/author\/"},"uagb_comment_info":0,"uagb_excerpt":"Fachseminar \/ Kooperationsveranstaltung 19.09.2026 I 09:00-18:00 Uhr St. Ingbert, Deutschland Nur f\u00fcr Fachpersonen","_links":{"self":[{"href":"https:\/\/akademie.ceres.prd.endadens.ch\/fr\/wp-json\/wp\/v2\/product\/99315","targetHints":{"allow":["GET"]}}],"collection":[{"href":"https:\/\/akademie.ceres.prd.endadens.ch\/fr\/wp-json\/wp\/v2\/product"}],"about":[{"href":"https:\/\/akademie.ceres.prd.endadens.ch\/fr\/wp-json\/wp\/v2\/types\/product"}],"wp:featuredmedia":[{"embeddable":true,"href":"https:\/\/akademie.ceres.prd.endadens.ch\/fr\/wp-json\/wp\/v2\/media\/97963"}],"wp:attachment":[{"href":"https:\/\/akademie.ceres.prd.endadens.ch\/fr\/wp-json\/wp\/v2\/media?parent=99315"}],"wp:term":[{"taxonomy":"product_brand","embeddable":true,"href":"https:\/\/akademie.ceres.prd.endadens.ch\/fr\/wp-json\/wp\/v2\/product_brand?post=99315"},{"taxonomy":"product_cat","embeddable":true,"href":"https:\/\/akademie.ceres.prd.endadens.ch\/fr\/wp-json\/wp\/v2\/product_cat?post=99315"},{"taxonomy":"product_tag","embeddable":true,"href":"https:\/\/akademie.ceres.prd.endadens.ch\/fr\/wp-json\/wp\/v2\/product_tag?post=99315"}],"curies":[{"name":"wp","href":"https:\/\/api.w.org\/{rel}","templated":true}]}}