{"id":99351,"date":"2026-02-09T14:56:41","date_gmt":"2026-02-09T13:56:41","guid":{"rendered":"https:\/\/akademie.ceres.prd.endadens.ch\/?post_type=product&#038;p=99351"},"modified":"2026-02-20T11:11:19","modified_gmt":"2026-02-20T10:11:19","slug":"ganzheitliche-therapiekonzepte-zu-ausleitung-und-entgiftung-schwerpunkt-long-covid-und-borreliose","status":"publish","type":"product","link":"https:\/\/akademie.ceres.prd.endadens.ch\/fr\/produit\/ganzheitliche-therapiekonzepte-zu-ausleitung-und-entgiftung-schwerpunkt-long-covid-und-borreliose\/","title":{"rendered":"Ganzheitliche Therapiekonzepte zu Ausleitung und Entgiftung &#8211; Schwerpunkt Long Covid und Borreliose"},"content":{"rendered":"<p>Im Seminar wird gezeigt, wie zentral Entgiftung und Ausleitung in der naturheilkundlichen Praxis sind.<\/p>\n<p>Ist der Organismus durch Endotoxine und Schadstoffe belastet, entwickeln sich Stoffwechselblockaden und die therapeutische Reaktionsf\u00e4higkeit ist gest\u00f6rt. Mit Heilpflanzen k\u00f6nnen die Regulation der Entgiftungsprozesse ganzheitlich angesto\u00dfen und Therapieblockaden auf k\u00f6rperlicher und seelischer Ebene behandelt werden. Erkrankungen wie Long Covid und Borreliose sind weit verbreitet und stellen besondere Herausforderungen an ein Ausleitungskonzept.<\/p>\n<h2 style=\"margin-bottom: 2%;\">Schwerpunkte<\/h2>\n<ul>\n<li>Welche Heilpflanze ist wann geeignet?<\/li>\n<li>Wie kann die Pflanze wesensgem\u00e4\u00df und individuell stimmig gew\u00e4hlt werden?<\/li>\n<li>Wie f\u00fchrt die Signatur einer Pflanze zum therapeutischen Wesen?<\/li>\n<\/ul>\n<h2>Referierende<\/h2>\n<div style=\"gap: 5%;\">\n<div style=\"text-align: left; font-size: 0.85em;\">\n<div><img loading=\"lazy\" decoding=\"async\" class=\"alignnone wp-image-14826 size-full\" src=\"https:\/\/akademie.ceres.prd.endadens.ch\/wp-content\/uploads\/sites\/6\/2024\/10\/Portrait_ChristineBaumann_Zoom_Sprecherbild_sw_.png\" alt=\"\" width=\"150\" height=\"164\" \/><\/div>\n<p><strong>Christine Baumann<\/strong><br \/>\n<em>Heilpraktikerin, Buchautorin<\/em><br \/>\nSchwerpunkt: Frauengesundheit, Magen-Darm-<br \/>\nGesundheit, Stoffwechsel und Immunsystem<br \/>\nTherapeutische Fachberatung f\u00fcr Ceres<\/p>\n<\/div>\n<\/div>\n<div><\/div>\n<p><!-- Kontaktbereich beginnt --><\/p>\n<div class=\"kontaktbereich\" style=\"background-color: #f0f0f0;\">\n<h3 style=\"margin-top: 0;\">Kontakt<\/h3>\n<p style=\"margin: 0; white-space: nowrap;\">E-Mail: <a href=\"mailto:seminare@ceresheilmittel.de\">seminare@ceresheilmittel.de<\/a><\/p>\n<p style=\"margin: 0; white-space: nowrap;\">Telefon: +49 2237 638 03-0<\/p>\n<\/div>\n","protected":false},"excerpt":{"rendered":"<p><strong>Fachseminar \/ Kooperationsveranstaltung<\/strong><\/p>\n<p>21.11.2026 I 10:00-18:00 Uhr<br \/>\nBaden-Baden, Deutschland<br \/>\nNur f\u00fcr Fachpersonen<\/p>\n","protected":false},"featured_media":103607,"template":"","meta":{"_uag_custom_page_level_css":"","_kad_blocks_custom_css":"","_kad_blocks_head_custom_js":"","_kad_blocks_body_custom_js":"","_kad_blocks_footer_custom_js":"","_kad_post_transparent":"default","_kad_post_title":"","_kad_post_layout":"normal","_kad_post_sidebar_id":"","_kad_post_content_style":"default","_kad_post_vertical_padding":"default","_kad_post_feature":"","_kad_post_feature_position":"","_kad_post_header":false,"_kad_post_footer":false},"product_brand":[],"product_cat":[2491,5207,2495,2607],"product_tag":[9667],"class_list":{"0":"post-99351","1":"product","2":"type-product","3":"status-publish","4":"has-post-thumbnail","6":"product_cat-allemand","7":"product_cat-de-baden-baden","8":"product_cat-seminaire-en-presentiel","9":"product_cat-themes","10":"product_tag-21-11-2026-de-sonderveranstaltung","11":"pa_format-praesenzseminar-fr","12":"pa_fuer-wen-medizinische-fachperson","14":"first","15":"instock","16":"sold-individually","17":"taxable","18":"shipping-taxable","19":"product-type-external","20":"entry","21":"content-bg","22":"loop-entry"},"yoast_head":"<!-- This site is optimized with the Yoast SEO plugin v27.0 - https:\/\/yoast.com\/product\/yoast-seo-wordpress\/ -->\n<title>Ganzheitliche Therapiekonzepte zu Ausleitung und Entgiftung - Schwerpunkt Long Covid und Borreliose - CERES Akademie<\/title>\n<meta name=\"robots\" content=\"index, follow, max-snippet:-1, max-image-preview:large, max-video-preview:-1\" \/>\n<link rel=\"canonical\" href=\"https:\/\/akademie.ceres.prd.endadens.ch\/fr\/produit\/ganzheitliche-therapiekonzepte-zu-ausleitung-und-entgiftung-schwerpunkt-long-covid-und-borreliose\/\" \/>\n<meta property=\"og:locale\" content=\"fr_FR\" \/>\n<meta property=\"og:type\" content=\"article\" \/>\n<meta property=\"og:title\" content=\"Ganzheitliche Therapiekonzepte zu Ausleitung und Entgiftung - Schwerpunkt Long Covid und Borreliose - CERES Akademie\" \/>\n<meta property=\"og:description\" content=\"Fachseminar \/ Kooperationsveranstaltung  21.11.2026 I 10:00-18:00 Uhr Baden-Baden, Deutschland Nur f\u00fcr Fachpersonen\" \/>\n<meta property=\"og:url\" content=\"https:\/\/akademie.ceres.prd.endadens.ch\/fr\/produit\/ganzheitliche-therapiekonzepte-zu-ausleitung-und-entgiftung-schwerpunkt-long-covid-und-borreliose\/\" \/>\n<meta property=\"og:site_name\" content=\"CERES Akademie\" \/>\n<meta property=\"article:modified_time\" content=\"2026-02-20T10:11:19+00:00\" \/>\n<meta property=\"og:image\" content=\"https:\/\/akademie.ceres.prd.endadens.ch\/wp-content\/uploads\/sites\/6\/2026\/02\/2005_09_13_dipsacus_rk_072.jpg\" \/>\n\t<meta property=\"og:image:width\" content=\"1600\" \/>\n\t<meta property=\"og:image:height\" content=\"1280\" \/>\n\t<meta property=\"og:image:type\" content=\"image\/jpeg\" \/>\n<meta name=\"twitter:card\" content=\"summary_large_image\" \/>\n<meta name=\"twitter:label1\" content=\"Dur\u00e9e de lecture estim\u00e9e\" \/>\n\t<meta name=\"twitter:data1\" content=\"1 minute\" \/>\n<script type=\"application\/ld+json\" class=\"yoast-schema-graph\">{\"@context\":\"https:\/\/schema.org\",\"@graph\":[{\"@type\":\"WebPage\",\"@id\":\"https:\/\/akademie.ceres.prd.endadens.ch\/fr\/produit\/ganzheitliche-therapiekonzepte-zu-ausleitung-und-entgiftung-schwerpunkt-long-covid-und-borreliose\/\",\"url\":\"https:\/\/akademie.ceres.prd.endadens.ch\/fr\/produit\/ganzheitliche-therapiekonzepte-zu-ausleitung-und-entgiftung-schwerpunkt-long-covid-und-borreliose\/\",\"name\":\"Ganzheitliche Therapiekonzepte zu Ausleitung und Entgiftung - Schwerpunkt Long Covid und Borreliose - CERES Akademie\",\"isPartOf\":{\"@id\":\"https:\/\/akademie.ceres.prd.endadens.ch\/fr\/#website\"},\"primaryImageOfPage\":{\"@id\":\"https:\/\/akademie.ceres.prd.endadens.ch\/fr\/produit\/ganzheitliche-therapiekonzepte-zu-ausleitung-und-entgiftung-schwerpunkt-long-covid-und-borreliose\/#primaryimage\"},\"image\":{\"@id\":\"https:\/\/akademie.ceres.prd.endadens.ch\/fr\/produit\/ganzheitliche-therapiekonzepte-zu-ausleitung-und-entgiftung-schwerpunkt-long-covid-und-borreliose\/#primaryimage\"},\"thumbnailUrl\":\"https:\/\/akademie.ceres.prd.endadens.ch\/wp-content\/uploads\/sites\/6\/2026\/02\/2005_09_13_dipsacus_rk_072.jpg\",\"datePublished\":\"2026-02-09T13:56:41+00:00\",\"dateModified\":\"2026-02-20T10:11:19+00:00\",\"breadcrumb\":{\"@id\":\"https:\/\/akademie.ceres.prd.endadens.ch\/fr\/produit\/ganzheitliche-therapiekonzepte-zu-ausleitung-und-entgiftung-schwerpunkt-long-covid-und-borreliose\/#breadcrumb\"},\"inLanguage\":\"fr-FR\",\"potentialAction\":[{\"@type\":\"ReadAction\",\"target\":[\"https:\/\/akademie.ceres.prd.endadens.ch\/fr\/produit\/ganzheitliche-therapiekonzepte-zu-ausleitung-und-entgiftung-schwerpunkt-long-covid-und-borreliose\/\"]}]},{\"@type\":\"ImageObject\",\"inLanguage\":\"fr-FR\",\"@id\":\"https:\/\/akademie.ceres.prd.endadens.ch\/fr\/produit\/ganzheitliche-therapiekonzepte-zu-ausleitung-und-entgiftung-schwerpunkt-long-covid-und-borreliose\/#primaryimage\",\"url\":\"https:\/\/akademie.ceres.prd.endadens.ch\/wp-content\/uploads\/sites\/6\/2026\/02\/2005_09_13_dipsacus_rk_072.jpg\",\"contentUrl\":\"https:\/\/akademie.ceres.prd.endadens.ch\/wp-content\/uploads\/sites\/6\/2026\/02\/2005_09_13_dipsacus_rk_072.jpg\",\"width\":1600,\"height\":1280},{\"@type\":\"BreadcrumbList\",\"@id\":\"https:\/\/akademie.ceres.prd.endadens.ch\/fr\/produit\/ganzheitliche-therapiekonzepte-zu-ausleitung-und-entgiftung-schwerpunkt-long-covid-und-borreliose\/#breadcrumb\",\"itemListElement\":[{\"@type\":\"ListItem\",\"position\":1,\"name\":\"Home\",\"item\":\"https:\/\/akademie.ceres.prd.endadens.ch\/fr\/\"},{\"@type\":\"ListItem\",\"position\":2,\"name\":\"Produits\",\"item\":\"https:\/\/akademie.ceres.prd.endadens.ch\/fr\/shop\/\"},{\"@type\":\"ListItem\",\"position\":3,\"name\":\"Ganzheitliche Therapiekonzepte zu Ausleitung und Entgiftung &#8211; Schwerpunkt Long Covid und Borreliose\"}]},{\"@type\":\"WebSite\",\"@id\":\"https:\/\/akademie.ceres.prd.endadens.ch\/fr\/#website\",\"url\":\"https:\/\/akademie.ceres.prd.endadens.ch\/fr\/\",\"name\":\"CERES Akademie\",\"description\":\"\",\"publisher\":{\"@id\":\"https:\/\/akademie.ceres.prd.endadens.ch\/fr\/#organization\"},\"potentialAction\":[{\"@type\":\"SearchAction\",\"target\":{\"@type\":\"EntryPoint\",\"urlTemplate\":\"https:\/\/akademie.ceres.prd.endadens.ch\/fr\/?s={search_term_string}\"},\"query-input\":{\"@type\":\"PropertyValueSpecification\",\"valueRequired\":true,\"valueName\":\"search_term_string\"}}],\"inLanguage\":\"fr-FR\"},{\"@type\":\"Organization\",\"@id\":\"https:\/\/akademie.ceres.prd.endadens.ch\/fr\/#organization\",\"name\":\"CERES Akademie\",\"url\":\"https:\/\/akademie.ceres.prd.endadens.ch\/fr\/\",\"logo\":{\"@type\":\"ImageObject\",\"inLanguage\":\"fr-FR\",\"@id\":\"https:\/\/akademie.ceres.prd.endadens.ch\/fr\/#\/schema\/logo\/image\/\",\"url\":\"https:\/\/akademie.ceres.prd.endadens.ch\/wp-content\/uploads\/sites\/6\/2024\/11\/cropped-Logo_Ceres_Web_RGB_0722.jpg\",\"contentUrl\":\"https:\/\/akademie.ceres.prd.endadens.ch\/wp-content\/uploads\/sites\/6\/2024\/11\/cropped-Logo_Ceres_Web_RGB_0722.jpg\",\"width\":599,\"height\":315,\"caption\":\"CERES Akademie\"},\"image\":{\"@id\":\"https:\/\/akademie.ceres.prd.endadens.ch\/fr\/#\/schema\/logo\/image\/\"}}]}<\/script>\n<!-- \/ Yoast SEO plugin. -->","yoast_head_json":{"title":"Ganzheitliche Therapiekonzepte zu Ausleitung und Entgiftung - Schwerpunkt Long Covid und Borreliose - CERES Akademie","robots":{"index":"index","follow":"follow","max-snippet":"max-snippet:-1","max-image-preview":"max-image-preview:large","max-video-preview":"max-video-preview:-1"},"canonical":"https:\/\/akademie.ceres.prd.endadens.ch\/fr\/produit\/ganzheitliche-therapiekonzepte-zu-ausleitung-und-entgiftung-schwerpunkt-long-covid-und-borreliose\/","og_locale":"fr_FR","og_type":"article","og_title":"Ganzheitliche Therapiekonzepte zu Ausleitung und Entgiftung - Schwerpunkt Long Covid und Borreliose - CERES Akademie","og_description":"Fachseminar \/ Kooperationsveranstaltung  21.11.2026 I 10:00-18:00 Uhr Baden-Baden, Deutschland Nur f\u00fcr Fachpersonen","og_url":"https:\/\/akademie.ceres.prd.endadens.ch\/fr\/produit\/ganzheitliche-therapiekonzepte-zu-ausleitung-und-entgiftung-schwerpunkt-long-covid-und-borreliose\/","og_site_name":"CERES Akademie","article_modified_time":"2026-02-20T10:11:19+00:00","og_image":[{"width":1600,"height":1280,"url":"https:\/\/akademie.ceres.prd.endadens.ch\/wp-content\/uploads\/sites\/6\/2026\/02\/2005_09_13_dipsacus_rk_072.jpg","type":"image\/jpeg"}],"twitter_card":"summary_large_image","twitter_misc":{"Dur\u00e9e de lecture estim\u00e9e":"1 minute"},"schema":{"@context":"https:\/\/schema.org","@graph":[{"@type":"WebPage","@id":"https:\/\/akademie.ceres.prd.endadens.ch\/fr\/produit\/ganzheitliche-therapiekonzepte-zu-ausleitung-und-entgiftung-schwerpunkt-long-covid-und-borreliose\/","url":"https:\/\/akademie.ceres.prd.endadens.ch\/fr\/produit\/ganzheitliche-therapiekonzepte-zu-ausleitung-und-entgiftung-schwerpunkt-long-covid-und-borreliose\/","name":"Ganzheitliche Therapiekonzepte zu Ausleitung und Entgiftung - Schwerpunkt Long Covid und Borreliose - CERES Akademie","isPartOf":{"@id":"https:\/\/akademie.ceres.prd.endadens.ch\/fr\/#website"},"primaryImageOfPage":{"@id":"https:\/\/akademie.ceres.prd.endadens.ch\/fr\/produit\/ganzheitliche-therapiekonzepte-zu-ausleitung-und-entgiftung-schwerpunkt-long-covid-und-borreliose\/#primaryimage"},"image":{"@id":"https:\/\/akademie.ceres.prd.endadens.ch\/fr\/produit\/ganzheitliche-therapiekonzepte-zu-ausleitung-und-entgiftung-schwerpunkt-long-covid-und-borreliose\/#primaryimage"},"thumbnailUrl":"https:\/\/akademie.ceres.prd.endadens.ch\/wp-content\/uploads\/sites\/6\/2026\/02\/2005_09_13_dipsacus_rk_072.jpg","datePublished":"2026-02-09T13:56:41+00:00","dateModified":"2026-02-20T10:11:19+00:00","breadcrumb":{"@id":"https:\/\/akademie.ceres.prd.endadens.ch\/fr\/produit\/ganzheitliche-therapiekonzepte-zu-ausleitung-und-entgiftung-schwerpunkt-long-covid-und-borreliose\/#breadcrumb"},"inLanguage":"fr-FR","potentialAction":[{"@type":"ReadAction","target":["https:\/\/akademie.ceres.prd.endadens.ch\/fr\/produit\/ganzheitliche-therapiekonzepte-zu-ausleitung-und-entgiftung-schwerpunkt-long-covid-und-borreliose\/"]}]},{"@type":"ImageObject","inLanguage":"fr-FR","@id":"https:\/\/akademie.ceres.prd.endadens.ch\/fr\/produit\/ganzheitliche-therapiekonzepte-zu-ausleitung-und-entgiftung-schwerpunkt-long-covid-und-borreliose\/#primaryimage","url":"https:\/\/akademie.ceres.prd.endadens.ch\/wp-content\/uploads\/sites\/6\/2026\/02\/2005_09_13_dipsacus_rk_072.jpg","contentUrl":"https:\/\/akademie.ceres.prd.endadens.ch\/wp-content\/uploads\/sites\/6\/2026\/02\/2005_09_13_dipsacus_rk_072.jpg","width":1600,"height":1280},{"@type":"BreadcrumbList","@id":"https:\/\/akademie.ceres.prd.endadens.ch\/fr\/produit\/ganzheitliche-therapiekonzepte-zu-ausleitung-und-entgiftung-schwerpunkt-long-covid-und-borreliose\/#breadcrumb","itemListElement":[{"@type":"ListItem","position":1,"name":"Home","item":"https:\/\/akademie.ceres.prd.endadens.ch\/fr\/"},{"@type":"ListItem","position":2,"name":"Produits","item":"https:\/\/akademie.ceres.prd.endadens.ch\/fr\/shop\/"},{"@type":"ListItem","position":3,"name":"Ganzheitliche Therapiekonzepte zu Ausleitung und Entgiftung &#8211; Schwerpunkt Long Covid und Borreliose"}]},{"@type":"WebSite","@id":"https:\/\/akademie.ceres.prd.endadens.ch\/fr\/#website","url":"https:\/\/akademie.ceres.prd.endadens.ch\/fr\/","name":"CERES Akademie","description":"","publisher":{"@id":"https:\/\/akademie.ceres.prd.endadens.ch\/fr\/#organization"},"potentialAction":[{"@type":"SearchAction","target":{"@type":"EntryPoint","urlTemplate":"https:\/\/akademie.ceres.prd.endadens.ch\/fr\/?s={search_term_string}"},"query-input":{"@type":"PropertyValueSpecification","valueRequired":true,"valueName":"search_term_string"}}],"inLanguage":"fr-FR"},{"@type":"Organization","@id":"https:\/\/akademie.ceres.prd.endadens.ch\/fr\/#organization","name":"CERES Akademie","url":"https:\/\/akademie.ceres.prd.endadens.ch\/fr\/","logo":{"@type":"ImageObject","inLanguage":"fr-FR","@id":"https:\/\/akademie.ceres.prd.endadens.ch\/fr\/#\/schema\/logo\/image\/","url":"https:\/\/akademie.ceres.prd.endadens.ch\/wp-content\/uploads\/sites\/6\/2024\/11\/cropped-Logo_Ceres_Web_RGB_0722.jpg","contentUrl":"https:\/\/akademie.ceres.prd.endadens.ch\/wp-content\/uploads\/sites\/6\/2024\/11\/cropped-Logo_Ceres_Web_RGB_0722.jpg","width":599,"height":315,"caption":"CERES Akademie"},"image":{"@id":"https:\/\/akademie.ceres.prd.endadens.ch\/fr\/#\/schema\/logo\/image\/"}}]}},"taxonomy_info":{"product_cat":[{"value":2491,"label":"Allemand"},{"value":5207,"label":"DE - Baden-Baden"},{"value":2495,"label":"S\u00e9minaire en pr\u00e9sentiel"},{"value":2607,"label":"Th\u00e8mes"}],"product_tag":[{"value":9667,"label":"21.11.2026 DE Sonderveranstaltung"}],"pa_format":[{"value":3355,"label":"S\u00e9minaire en pr\u00e9sentiel"}],"pa_fuer-wen":[{"value":5364,"label":"Medizinische Fachperson"}]},"featured_image_src_large":["https:\/\/akademie.ceres.prd.endadens.ch\/wp-content\/uploads\/sites\/6\/2026\/02\/2005_09_13_dipsacus_rk_072-1024x819.jpg",1024,819,true],"author_info":[],"comment_info":"","uagb_featured_image_src":{"full":["https:\/\/akademie.ceres.prd.endadens.ch\/wp-content\/uploads\/sites\/6\/2026\/02\/2005_09_13_dipsacus_rk_072.jpg",1600,1280,false],"thumbnail":["https:\/\/akademie.ceres.prd.endadens.ch\/wp-content\/uploads\/sites\/6\/2026\/02\/2005_09_13_dipsacus_rk_072-150x150.jpg",150,150,true],"medium":["https:\/\/akademie.ceres.prd.endadens.ch\/wp-content\/uploads\/sites\/6\/2026\/02\/2005_09_13_dipsacus_rk_072-300x240.jpg",300,240,true],"medium_large":["https:\/\/akademie.ceres.prd.endadens.ch\/wp-content\/uploads\/sites\/6\/2026\/02\/2005_09_13_dipsacus_rk_072-768x614.jpg",768,614,true],"large":["https:\/\/akademie.ceres.prd.endadens.ch\/wp-content\/uploads\/sites\/6\/2026\/02\/2005_09_13_dipsacus_rk_072-1024x819.jpg",1024,819,true],"1536x1536":["https:\/\/akademie.ceres.prd.endadens.ch\/wp-content\/uploads\/sites\/6\/2026\/02\/2005_09_13_dipsacus_rk_072-1536x1229.jpg",1536,1229,true],"2048x2048":["https:\/\/akademie.ceres.prd.endadens.ch\/wp-content\/uploads\/sites\/6\/2026\/02\/2005_09_13_dipsacus_rk_072.jpg",1600,1280,false],"woocommerce_thumbnail":["https:\/\/akademie.ceres.prd.endadens.ch\/wp-content\/uploads\/sites\/6\/2026\/02\/2005_09_13_dipsacus_rk_072-300x240.jpg",300,240,true],"woocommerce_single":["https:\/\/akademie.ceres.prd.endadens.ch\/wp-content\/uploads\/sites\/6\/2026\/02\/2005_09_13_dipsacus_rk_072-600x480.jpg",600,480,true],"woocommerce_gallery_thumbnail":["https:\/\/akademie.ceres.prd.endadens.ch\/wp-content\/uploads\/sites\/6\/2026\/02\/2005_09_13_dipsacus_rk_072-100x100.jpg",100,100,true]},"uagb_author_info":{"display_name":"Conny Reichwein","author_link":"https:\/\/akademie.ceres.prd.endadens.ch\/fr\/author\/"},"uagb_comment_info":0,"uagb_excerpt":"Fachseminar \/ Kooperationsveranstaltung 21.11.2026 I 10:00-18:00 Uhr Baden-Baden, Deutschland Nur f\u00fcr Fachpersonen","_links":{"self":[{"href":"https:\/\/akademie.ceres.prd.endadens.ch\/fr\/wp-json\/wp\/v2\/product\/99351","targetHints":{"allow":["GET"]}}],"collection":[{"href":"https:\/\/akademie.ceres.prd.endadens.ch\/fr\/wp-json\/wp\/v2\/product"}],"about":[{"href":"https:\/\/akademie.ceres.prd.endadens.ch\/fr\/wp-json\/wp\/v2\/types\/product"}],"wp:featuredmedia":[{"embeddable":true,"href":"https:\/\/akademie.ceres.prd.endadens.ch\/fr\/wp-json\/wp\/v2\/media\/103607"}],"wp:attachment":[{"href":"https:\/\/akademie.ceres.prd.endadens.ch\/fr\/wp-json\/wp\/v2\/media?parent=99351"}],"wp:term":[{"taxonomy":"product_brand","embeddable":true,"href":"https:\/\/akademie.ceres.prd.endadens.ch\/fr\/wp-json\/wp\/v2\/product_brand?post=99351"},{"taxonomy":"product_cat","embeddable":true,"href":"https:\/\/akademie.ceres.prd.endadens.ch\/fr\/wp-json\/wp\/v2\/product_cat?post=99351"},{"taxonomy":"product_tag","embeddable":true,"href":"https:\/\/akademie.ceres.prd.endadens.ch\/fr\/wp-json\/wp\/v2\/product_tag?post=99351"}],"curies":[{"name":"wp","href":"https:\/\/api.w.org\/{rel}","templated":true}]}}